{"id":533,"date":"2026-02-11T04:54:30","date_gmt":"2026-02-11T04:54:30","guid":{"rendered":"https:\/\/noahtravel.com.mx\/?page_id=533"},"modified":"2026-02-11T04:54:46","modified_gmt":"2026-02-11T04:54:46","slug":"bodas-en-la-playa","status":"publish","type":"page","link":"https:\/\/noahtravel.com.mx\/?page_id=533","title":{"rendered":"Bodas en la Playa"},"content":{"rendered":"<p>[et_pb_section fb_built=\u00bb1&#8243; admin_label=\u00bbVideo\u00bb _builder_version=\u00bb4.16&#8243; custom_padding=\u00bb|||\u00bb da_disable_devices=\u00bboff|off|off\u00bb collapsed=\u00bbon\u00bb global_colors_info=\u00bb{}\u00bb theme_builder_area=\u00bbpost_content\u00bb da_is_popup=\u00bboff\u00bb da_exit_intent=\u00bboff\u00bb da_has_close=\u00bbon\u00bb da_alt_close=\u00bboff\u00bb da_dark_close=\u00bboff\u00bb da_not_modal=\u00bbon\u00bb da_is_singular=\u00bboff\u00bb da_with_loader=\u00bboff\u00bb da_has_shadow=\u00bbon\u00bb][et_pb_row column_structure=\u00bb1_2,1_2&#8243; admin_label=\u00bbRecommendations\u00bb _builder_version=\u00bb4.16&#8243; width=\u00bb100%\u00bb max_width=\u00bb100%\u00bb custom_padding=\u00bb|||\u00bb use_custom_width=\u00bbon\u00bb width_unit=\u00bboff\u00bb custom_width_percent=\u00bb100%\u00bb locked=\u00bboff\u00bb global_colors_info=\u00bb{}\u00bb theme_builder_area=\u00bbpost_content\u00bb][et_pb_column type=\u00bb1_2&#8243; _builder_version=\u00bb4.16&#8243; custom_padding=\u00bb6%||6%|14%\u00bb custom_padding_tablet=\u00bb|10%||10%||true\u00bb custom_padding_phone=\u00bb|10%||10%||true\u00bb custom_padding_last_edited=\u00bbon|desktop\u00bb global_colors_info=\u00bb{}\u00bb custom_padding__hover=\u00bb|||\u00bb theme_builder_area=\u00bbpost_content\u00bb][et_pb_text _builder_version=\u00bb4.27.4&#8243; text_font=\u00bbNoto Sans||||||||\u00bb text_font_size=\u00bb17px\u00bb text_line_height=\u00bb1.9em\u00bb header_text_align=\u00bbcenter\u00bb header_2_font=\u00bb&#8211;et_global_body_font|700|||||||\u00bb header_2_font_size=\u00bb44px\u00bb header_2_letter_spacing=\u00bb3px\u00bb header_2_line_height=\u00bb1.5em\u00bb module_alignment=\u00bbright\u00bb custom_margin=\u00bb-95px|||||\u00bb animation_style=\u00bbslide\u00bb animation_direction=\u00bbbottom\u00bb animation_intensity_slide=\u00bb11%\u00bb header_2_font_size_tablet=\u00bb\u00bb header_2_font_size_phone=\u00bb34px\u00bb header_2_font_size_last_edited=\u00bbon|phone\u00bb locked=\u00bboff\u00bb global_colors_info=\u00bb{}\u00bb theme_builder_area=\u00bbpost_content\u00bb]<\/p>\n<h2>Tu Boda Perfecta<\/h2>\n<p>[\/et_pb_text][et_pb_text _builder_version=\u00bb4.27.4&#8243; text_font=\u00bbNoto Sans||||||||\u00bb text_font_size=\u00bb17px\u00bb text_line_height=\u00bb1.9em\u00bb header_text_align=\u00bbcenter\u00bb header_2_font=\u00bb&#8211;et_global_body_font|600|||||||\u00bb header_2_font_size=\u00bb33px\u00bb header_2_line_height=\u00bb1.5em\u00bb module_alignment=\u00bbright\u00bb custom_margin=\u00bb-38px|||||\u00bb animation_style=\u00bbslide\u00bb animation_direction=\u00bbbottom\u00bb animation_intensity_slide=\u00bb8%\u00bb header_2_font_size_tablet=\u00bb\u00bb header_2_font_size_phone=\u00bb34px\u00bb header_2_font_size_last_edited=\u00bbon|phone\u00bb locked=\u00bboff\u00bb global_colors_info=\u00bb{}\u00bb theme_builder_area=\u00bbpost_content\u00bb]<\/p>\n<h2>El d\u00eda m\u00e1s importante de tu vida, justo como lo merces<\/h2>\n<p>[\/et_pb_text][et_pb_text _builder_version=\u00bb4.27.4&#8243; text_font=\u00bb&#8211;et_global_body_font||||||||\u00bb text_font_size=\u00bb16px\u00bb text_line_height=\u00bb2em\u00bb header_font=\u00bb&#8211;et_global_heading_font||||||||\u00bb header_text_color=\u00bbgcid-4049300b-e03b-4214-9a7f-a7aaf6ea50e8&#8243; header_4_font=\u00bb&#8211;et_global_heading_font|700|||||||\u00bb header_4_font_size=\u00bb21px\u00bb module_alignment=\u00bbright\u00bb animation_style=\u00bbslide\u00bb animation_direction=\u00bbbottom\u00bb animation_intensity_slide=\u00bb7%\u00bb inline_fonts=\u00bbNoto Serif\u00bb global_colors_info=\u00bb{%22gcid-4049300b-e03b-4214-9a7f-a7aaf6ea50e8%22:%91%22header_text_color%22%93}\u00bb theme_builder_area=\u00bbpost_content\u00bb]<\/p>\n<h4><span style=\"font-size: 36px; color: #ff6b5a; font-family: 'Noto Serif';\">1. <\/span>Boda Gratis<\/h4>\n<p>S\u00ed, le\u00edste bien. Al reservar con nosotros, puedes acceder a paquetes de boda sin costo en hoteles seleccionados. Tu ceremonia so\u00f1ada, sin pagar de m\u00e1s.<\/p>\n<p>[\/et_pb_text][et_pb_text _builder_version=\u00bb4.27.4&#8243; text_font=\u00bb&#8211;et_global_body_font||||||||\u00bb text_font_size=\u00bb16px\u00bb text_line_height=\u00bb2em\u00bb header_font=\u00bb&#8211;et_global_heading_font||||||||\u00bb header_text_color=\u00bbgcid-4049300b-e03b-4214-9a7f-a7aaf6ea50e8&#8243; header_4_font=\u00bb&#8211;et_global_heading_font|700|||||||\u00bb header_4_font_size=\u00bb21px\u00bb module_alignment=\u00bbright\u00bb animation_style=\u00bbslide\u00bb animation_direction=\u00bbbottom\u00bb animation_intensity_slide=\u00bb7%\u00bb inline_fonts=\u00bbNoto Serif\u00bb global_colors_info=\u00bb{%22gcid-4049300b-e03b-4214-9a7f-a7aaf6ea50e8%22:%91%22header_text_color%22,%22header_text_color%22%93}\u00bb theme_builder_area=\u00bbpost_content\u00bb]<\/p>\n<h4><span style=\"font-size: 36px; color: #ff6b5a; font-family: 'Noto Serif';\">2. <\/span>Upgrade de habitaciones<\/h4>\n<p>Haz de tu estancia algo a\u00fan m\u00e1s especial. Gestionamos mejoras de habitaci\u00f3n para los novios y, en muchos casos, tambi\u00e9n para tus invitados m\u00e1s cercanos. Porque tu boda merece un plus.<\/p>\n<p>[\/et_pb_text][et_pb_text _builder_version=\u00bb4.27.4&#8243; text_font=\u00bb&#8211;et_global_body_font||||||||\u00bb text_font_size=\u00bb16px\u00bb text_line_height=\u00bb2em\u00bb header_font=\u00bb&#8211;et_global_heading_font||||||||\u00bb header_text_color=\u00bbgcid-4049300b-e03b-4214-9a7f-a7aaf6ea50e8&#8243; header_4_font=\u00bb&#8211;et_global_heading_font|700|||||||\u00bb header_4_font_size=\u00bb21px\u00bb module_alignment=\u00bbright\u00bb animation_style=\u00bbslide\u00bb animation_direction=\u00bbbottom\u00bb animation_intensity_slide=\u00bb7%\u00bb inline_fonts=\u00bbNoto Serif\u00bb global_colors_info=\u00bb{%22gcid-4049300b-e03b-4214-9a7f-a7aaf6ea50e8%22:%91%22header_text_color%22,%22header_text_color%22%93}\u00bb theme_builder_area=\u00bbpost_content\u00bb]<\/p>\n<h4><span style=\"font-size: 36px; color: #ff6b5a; font-family: 'Noto Serif';\">3. <\/span>Tarifas accesibles en hoteles incre\u00edbles<\/h4>\n<p class=\"first:mt-1.5!\">Disfruta de hoteles de ensue\u00f1o en la playa, con precios preferenciales para ti y tus invitados. Calidad, lujo y ubicaci\u00f3n privilegiada, sin que tu presupuesto se dispare.<\/p>\n<p>[\/et_pb_text][et_pb_button button_url=\u00bbhttps:\/\/wa.me\/524492802763?text=Quiero%20cotizar%20un%20viaje%20a&#8230;\u00bb url_new_window=\u00bbon\u00bb button_text=\u00bbQUIERO COTIZAR\u00bb button_alignment=\u00bbleft\u00bb _builder_version=\u00bb4.27.5&#8243; custom_button=\u00bbon\u00bb button_text_size=\u00bb21px\u00bb button_bg_color=\u00bbgcid-secondary-color\u00bb button_border_width=\u00bb5px\u00bb button_border_color=\u00bbgcid-secondary-color\u00bb button_border_radius=\u00bb100px\u00bb button_font=\u00bbNoto Sans|700||on|||||\u00bb button_use_icon=\u00bboff\u00bb background_layout=\u00bbdark\u00bb button_border_color_hover=\u00bb#ff9e59&#8243; button_bg_color_hover=\u00bb#ff9e59&#8243; locked=\u00bboff\u00bb global_colors_info=\u00bb{%22gcid-secondary-color%22:%91%22button_bg_color%22,%22button_border_color%22%93,%22gcid-primary-color%22:%91%22button_bg_color__hover%22,%22button_border_color__hover%22%93}\u00bb button_text_size__hover_enabled=\u00bboff\u00bb button_one_text_size__hover_enabled=\u00bboff\u00bb button_two_text_size__hover_enabled=\u00bboff\u00bb button_text_color__hover_enabled=\u00bboff\u00bb button_one_text_color__hover_enabled=\u00bboff\u00bb button_two_text_color__hover_enabled=\u00bboff\u00bb button_border_width__hover_enabled=\u00bboff\u00bb button_one_border_width__hover_enabled=\u00bboff\u00bb button_two_border_width__hover_enabled=\u00bboff\u00bb button_border_color__hover_enabled=\u00bbon\u00bb button_border_color__hover=\u00bb#ec3a6d\u00bb button_one_border_color__hover_enabled=\u00bboff\u00bb button_two_border_color__hover_enabled=\u00bboff\u00bb button_border_radius__hover_enabled=\u00bboff\u00bb button_one_border_radius__hover_enabled=\u00bboff\u00bb button_two_border_radius__hover_enabled=\u00bboff\u00bb button_letter_spacing__hover_enabled=\u00bboff\u00bb button_one_letter_spacing__hover_enabled=\u00bboff\u00bb button_two_letter_spacing__hover_enabled=\u00bboff\u00bb button_bg_color__hover_enabled=\u00bbon|hover\u00bb button_bg_color__hover=\u00bb#ec3a6d\u00bb button_one_bg_color__hover_enabled=\u00bboff\u00bb button_two_bg_color__hover_enabled=\u00bboff\u00bb button_bg_enable_color__hover=\u00bbon\u00bb theme_builder_area=\u00bbpost_content\u00bb][\/et_pb_button][\/et_pb_column][et_pb_column type=\u00bb1_2&#8243; _builder_version=\u00bb4.16&#8243; custom_padding=\u00bb|||\u00bb global_colors_info=\u00bb{}\u00bb custom_padding__hover=\u00bb|||\u00bb theme_builder_area=\u00bbpost_content\u00bb][et_pb_image src=\u00bbhttps:\/\/noahtravel.com.mx\/wp-content\/uploads\/2025\/12\/pexels-rerissonhofniel-7513312-scaled.jpg\u00bb title_text=\u00bbpexels-rerissonhofniel-7513312&#8243; align=\u00bbright\u00bb force_fullwidth=\u00bbon\u00bb align_tablet=\u00bbcenter\u00bb align_phone=\u00bbcenter\u00bb align_last_edited=\u00bbon|desktop\u00bb _builder_version=\u00bb4.27.4&#8243; custom_margin=\u00bb|||\u00bb custom_padding=\u00bb|||\u00bb animation_style=\u00bbslide\u00bb animation_direction=\u00bbright\u00bb animation_intensity_slide=\u00bb5%\u00bb border_radii=\u00bb|3px|||3px\u00bb box_shadow_style=\u00bbpreset3&#8243; box_shadow_horizontal=\u00bb33px\u00bb box_shadow_vertical=\u00bb52px\u00bb box_shadow_blur=\u00bb80px\u00bb box_shadow_spread=\u00bb0px\u00bb box_shadow_color=\u00bbrgba(0,36,73,0.07)\u00bb global_colors_info=\u00bb{}\u00bb theme_builder_area=\u00bbpost_content\u00bb][\/et_pb_image][\/et_pb_column][\/et_pb_row][et_pb_row column_structure=\u00bb1_2,1_2&#8243; _builder_version=\u00bb4.27.4&#8243; _module_preset=\u00bbdefault\u00bb max_width=\u00bb100%\u00bb custom_padding=\u00bb||2px|||\u00bb global_colors_info=\u00bb{}\u00bb theme_builder_area=\u00bbpost_content\u00bb][et_pb_column type=\u00bb1_2&#8243; _builder_version=\u00bb4.27.4&#8243; _module_preset=\u00bbdefault\u00bb global_colors_info=\u00bb{}\u00bb theme_builder_area=\u00bbpost_content\u00bb][et_pb_gallery gallery_ids=\u00bb228,229,230,231,232,233&#8243; fullwidth=\u00bbon\u00bb _builder_version=\u00bb4.27.4&#8243; _module_preset=\u00bbdefault\u00bb pagination_font=\u00bb&#8211;et_global_body_font||||||||\u00bb custom_padding=\u00bb|0px||||\u00bb animation_style=\u00bbfade\u00bb global_colors_info=\u00bb{}\u00bb theme_builder_area=\u00bbpost_content\u00bb][\/et_pb_gallery][\/et_pb_column][et_pb_column type=\u00bb1_2&#8243; _builder_version=\u00bb4.27.4&#8243; _module_preset=\u00bbdefault\u00bb global_colors_info=\u00bb{}\u00bb theme_builder_area=\u00bbpost_content\u00bb][et_pb_text _builder_version=\u00bb4.27.4&#8243; text_font=\u00bbNoto Sans||||||||\u00bb text_font_size=\u00bb17px\u00bb text_line_height=\u00bb1.9em\u00bb header_text_align=\u00bbcenter\u00bb header_2_font=\u00bb&#8211;et_global_body_font|600|||||||\u00bb header_2_font_size=\u00bb33px\u00bb header_2_line_height=\u00bb1.5em\u00bb module_alignment=\u00bbright\u00bb custom_margin=\u00bb-38px||16px|||\u00bb custom_padding=\u00bb16px|||||\u00bb animation_style=\u00bbslide\u00bb animation_direction=\u00bbbottom\u00bb animation_intensity_slide=\u00bb8%\u00bb header_2_font_size_tablet=\u00bb\u00bb header_2_font_size_phone=\u00bb34px\u00bb header_2_font_size_last_edited=\u00bbon|phone\u00bb locked=\u00bboff\u00bb global_colors_info=\u00bb{}\u00bb theme_builder_area=\u00bbpost_content\u00bb]<\/p>\n<h2 style=\"text-align: center;\">Tu gran d\u00eda, dise\u00f1ado a la perfecci\u00f3n. Porque los sue\u00f1os no se improvisan<\/h2>\n<p>[\/et_pb_text][et_pb_accordion _builder_version=\u00bb4.27.4&#8243; _module_preset=\u00bbdefault\u00bb global_colors_info=\u00bb{}\u00bb theme_builder_area=\u00bbpost_content\u00bb][et_pb_accordion_item title=\u00bbDise\u00f1amos tu boda para que t\u00fa solo te dediques a disfrutar\u00bb open=\u00bbon\u00bb _builder_version=\u00bb4.27.4&#8243; _module_preset=\u00bbdefault\u00bb global_colors_info=\u00bb{}\u00bb theme_builder_area=\u00bbpost_content\u00bb]<\/p>\n<p>En Noah Travel, sabemos que cada detalle cuenta. Desde la arena bajo tus pies hasta el \u00faltimo brindis, creamos bodas en playa que superan tus expectativas. Perm\u00edtenos orquestar ese momento m\u00e1gico, con la atenci\u00f3n personalizada y la experiencia que solo 10 a\u00f1os en el sector pueden ofrecer. \u00bfLista para decir &#8216;s\u00ed, acepto&#8217; a la boda de tus sue\u00f1os?<\/p>\n<p>[\/et_pb_accordion_item][et_pb_accordion_item title=\u00bbExperiencias que enamoran, recuerdos que duran para siempre.\u00bb _builder_version=\u00bb4.27.4&#8243; _module_preset=\u00bbdefault\u00bb global_colors_info=\u00bb{}\u00bb theme_builder_area=\u00bbpost_content\u00bb open=\u00bboff\u00bb]<\/p>\n<p>Imagina llegar y tener todo resuelto: ceremonia en la playa, montaje, flores, banquete, DJ y hasta las fotos, sin que t\u00fa tengas que pelearte con proveedores ni preocuparte por la log\u00edstica.<br \/>En Noah Travel trabajamos con hoteles y wedding planners confiables para que tu boda sea fluida, hermosa y sin estr\u00e9s.<\/p>\n<p>[\/et_pb_accordion_item][et_pb_accordion_item title=\u00bbTu historia de amor comienza aqu\u00ed. Nosotros nos encargamos del resto.\u00bb _builder_version=\u00bb4.27.4&#8243; _module_preset=\u00bbdefault\u00bb global_colors_info=\u00bb{}\u00bb theme_builder_area=\u00bbpost_content\u00bb open=\u00bboff\u00bb]<\/p>\n<p>Sabemos que organizar una boda en la playa desde otra ciudad puede abrumar: fechas, tarifas, invitados, clima, traslados\u2026 respira, para eso estamos nosotros.<br \/>Te acompa\u00f1amos paso a paso: elecci\u00f3n del destino, hotel ideal para tus invitados, vuelos, traslados y todos esos detalles que hacen la diferencia el d\u00eda del \u2018s\u00ed, acepto\u2019.yle every aspect of this content in the module Design settings and even apply custom CSS to this text in the module Advanced settings.<\/p>\n<p>[\/et_pb_accordion_item][\/et_pb_accordion][et_pb_button button_url=\u00bbhttps:\/\/wa.me\/524492802763?text=Quiero%20cotizar%20un%20viaje%20a&#8230;\u00bb url_new_window=\u00bbon\u00bb button_text=\u00bbQUIERO COTIZAR\u00bb button_alignment=\u00bbcenter\u00bb _builder_version=\u00bb4.27.4&#8243; custom_button=\u00bbon\u00bb button_text_size=\u00bb19px\u00bb button_bg_color=\u00bbgcid-secondary-color\u00bb button_border_width=\u00bb5px\u00bb button_border_color=\u00bbgcid-secondary-color\u00bb button_border_radius=\u00bb100px\u00bb button_font=\u00bbNoto Sans|700||on|||||\u00bb button_use_icon=\u00bboff\u00bb background_layout=\u00bbdark\u00bb button_border_color_hover=\u00bb#ff9e59&#8243; button_bg_color_hover=\u00bb#ff9e59&#8243; locked=\u00bboff\u00bb global_colors_info=\u00bb{%22gcid-secondary-color%22:%91%22button_bg_color%22,%22button_border_color%22%93,%22gcid-primary-color%22:%91%22button_bg_color__hover%22,%22button_border_color__hover%22%93}\u00bb button_text_size__hover_enabled=\u00bboff\u00bb button_one_text_size__hover_enabled=\u00bboff\u00bb button_two_text_size__hover_enabled=\u00bboff\u00bb button_text_color__hover_enabled=\u00bboff\u00bb button_one_text_color__hover_enabled=\u00bboff\u00bb button_two_text_color__hover_enabled=\u00bboff\u00bb button_border_width__hover_enabled=\u00bboff\u00bb button_one_border_width__hover_enabled=\u00bboff\u00bb button_two_border_width__hover_enabled=\u00bboff\u00bb button_border_color__hover_enabled=\u00bbon\u00bb button_border_color__hover=\u00bb#ec3a6d\u00bb button_one_border_color__hover_enabled=\u00bboff\u00bb button_two_border_color__hover_enabled=\u00bboff\u00bb button_border_radius__hover_enabled=\u00bboff\u00bb button_one_border_radius__hover_enabled=\u00bboff\u00bb button_two_border_radius__hover_enabled=\u00bboff\u00bb button_letter_spacing__hover_enabled=\u00bboff\u00bb button_one_letter_spacing__hover_enabled=\u00bboff\u00bb button_two_letter_spacing__hover_enabled=\u00bboff\u00bb button_bg_color__hover_enabled=\u00bbon|hover\u00bb button_bg_color__hover=\u00bb#ec3a6d\u00bb button_one_bg_color__hover_enabled=\u00bboff\u00bb button_two_bg_color__hover_enabled=\u00bboff\u00bb button_bg_enable_color__hover=\u00bbon\u00bb theme_builder_area=\u00bbpost_content\u00bb][\/et_pb_button][\/et_pb_column][\/et_pb_row][\/et_pb_section]<\/p>\n","protected":false},"excerpt":{"rendered":"<p>Tu Boda PerfectaEl d\u00eda m\u00e1s importante de tu vida, justo como lo merces1. Boda Gratis S\u00ed, le\u00edste bien. Al reservar con nosotros, puedes acceder a paquetes de boda sin costo en hoteles seleccionados. Tu ceremonia so\u00f1ada, sin pagar de m\u00e1s.2. Upgrade de habitaciones Haz de tu estancia algo a\u00fan m\u00e1s especial. Gestionamos mejoras de habitaci\u00f3n [&hellip;]<\/p>\n","protected":false},"author":1,"featured_media":0,"parent":0,"menu_order":0,"comment_status":"closed","ping_status":"closed","template":"","meta":{"_et_pb_use_builder":"on","_et_pb_old_content":"","_et_gb_content_width":"","footnotes":""},"class_list":["post-533","page","type-page","status-publish","hentry"],"_hostinger_reach_plugin_has_subscription_block":false,"_hostinger_reach_plugin_is_elementor":false,"_links":{"self":[{"href":"https:\/\/noahtravel.com.mx\/index.php?rest_route=\/wp\/v2\/pages\/533","targetHints":{"allow":["GET"]}}],"collection":[{"href":"https:\/\/noahtravel.com.mx\/index.php?rest_route=\/wp\/v2\/pages"}],"about":[{"href":"https:\/\/noahtravel.com.mx\/index.php?rest_route=\/wp\/v2\/types\/page"}],"author":[{"embeddable":true,"href":"https:\/\/noahtravel.com.mx\/index.php?rest_route=\/wp\/v2\/users\/1"}],"replies":[{"embeddable":true,"href":"https:\/\/noahtravel.com.mx\/index.php?rest_route=%2Fwp%2Fv2%2Fcomments&post=533"}],"version-history":[{"count":2,"href":"https:\/\/noahtravel.com.mx\/index.php?rest_route=\/wp\/v2\/pages\/533\/revisions"}],"predecessor-version":[{"id":536,"href":"https:\/\/noahtravel.com.mx\/index.php?rest_route=\/wp\/v2\/pages\/533\/revisions\/536"}],"wp:attachment":[{"href":"https:\/\/noahtravel.com.mx\/index.php?rest_route=%2Fwp%2Fv2%2Fmedia&parent=533"}],"curies":[{"name":"wp","href":"https:\/\/api.w.org\/{rel}","templated":true}]}}