{"id":403,"date":"2026-01-24T21:11:21","date_gmt":"2026-01-24T21:11:21","guid":{"rendered":"https:\/\/noahtravel.com.mx\/?page_id=403"},"modified":"2026-01-24T21:24:52","modified_gmt":"2026-01-24T21:24:52","slug":"403-2","status":"publish","type":"page","link":"https:\/\/noahtravel.com.mx\/?page_id=403","title":{"rendered":"Blog"},"content":{"rendered":"\n[et_pb_section fb_built=\u00bb1&#8243; custom_padding_last_edited=\u00bbon|tablet\u00bb admin_label=\u00bbBlog\u00bb _builder_version=\u00bb4.16&#8243; background_color=\u00bb#f4f4f4&#8243; custom_padding=\u00bb110px||70px|\u00bb custom_padding_tablet=\u00bb60px||0px|\u00bb custom_padding_phone=\u00bb\u00bb da_disable_devices=\u00bboff|off|off\u00bb global_colors_info=\u00bb{}\u00bb da_is_popup=\u00bboff\u00bb da_exit_intent=\u00bboff\u00bb da_has_close=\u00bbon\u00bb da_alt_close=\u00bboff\u00bb da_dark_close=\u00bboff\u00bb da_not_modal=\u00bbon\u00bb da_is_singular=\u00bboff\u00bb da_with_loader=\u00bboff\u00bb da_has_shadow=\u00bbon\u00bb][et_pb_row custom_padding_last_edited=\u00bbon|phone\u00bb admin_label=\u00bbBlog Title\u00bb _builder_version=\u00bb4.16&#8243; background_size=\u00bbinitial\u00bb background_position=\u00bbtop_left\u00bb background_repeat=\u00bbrepeat\u00bb custom_padding=\u00bb0px|0px|0px|0px||\u00bb custom_padding_tablet=\u00bb0px||0px|\u00bb custom_padding_phone=\u00bb\u00bb global_colors_info=\u00bb{}\u00bb][et_pb_column type=\u00bb4_4&#8243; _builder_version=\u00bb4.16&#8243; custom_padding=\u00bb|||\u00bb global_colors_info=\u00bb{}\u00bb custom_padding__hover=\u00bb|||\u00bb][et_pb_image src=\u00bbhttps:\/\/noahtravel.com.mx\/wp-content\/uploads\/2025\/11\/AGENCIA-DE-VIAJES.png\u00bb _builder_version=\u00bb4.27.5&#8243; _module_preset=\u00bbdefault\u00bb title_text=\u00bbAGENCIA DE VIAJES\u00bb hover_enabled=\u00bb0&#8243; sticky_enabled=\u00bb0&#8243; max_width=\u00bb200px\u00bb width=\u00bb30%\u00bb align=\u00bbcenter\u00bb custom_margin=\u00bb||-16px|||\u00bb][\/et_pb_image][et_pb_text admin_label=\u00bbLook Inside Title\u00bb _builder_version=\u00bb4.27.5&#8243; text_font=\u00bb||||\u00bb text_text_color=\u00bb#1a1a1a\u00bb header_font=\u00bb&#8211;et_global_heading_font|700||on|||||\u00bb header_text_align=\u00bbcenter\u00bb header_font_size=\u00bb60px\u00bb header_line_height=\u00bb1.3em\u00bb background_size=\u00bbinitial\u00bb background_position=\u00bbtop_left\u00bb background_repeat=\u00bbrepeat\u00bb module_alignment=\u00bbcenter\u00bb custom_margin=\u00bb||-4px|||\u00bb custom_padding=\u00bb|||\u00bb animation_style=\u00bbslide\u00bb animation_direction=\u00bbtop\u00bb animation_intensity_slide=\u00bb10%\u00bb hover_enabled=\u00bb0&#8243; locked=\u00bboff\u00bb global_colors_info=\u00bb{%22gcid-primary-color%22:%91%22header_text_color%22%93}\u00bb sticky_enabled=\u00bb0&#8243; width=\u00bb100%\u00bb header_text_color=\u00bbgcid-primary-color\u00bb]<h1>NUESTRO Blog<\/h1>[\/et_pb_text][et_pb_divider color=\u00bbgcid-primary-color\u00bb divider_position=\u00bbcenter\u00bb divider_weight=\u00bb3px\u00bb disabled_on=\u00bbon|on|off%22&#8243; _builder_version=\u00bb4.27.5&#8243; max_width=\u00bb150px\u00bb module_alignment=\u00bbcenter\u00bb height=\u00bbfalse\u00bb custom_margin=\u00bb||||false|false\u00bb animation_style=\u00bbslide\u00bb animation_direction=\u00bbtop\u00bb animation_delay=\u00bb100ms\u00bb animation_intensity_slide=\u00bb10%\u00bb hover_enabled=\u00bb0&#8243; locked=\u00bboff\u00bb global_colors_info=\u00bb{%22gcid-primary-color%22:%91%22color%22%93}\u00bb sticky_enabled=\u00bb0&#8243;][\/et_pb_divider][\/et_pb_column][\/et_pb_row][et_pb_row admin_label=\u00bbPosts\u00bb _builder_version=\u00bb4.16&#8243; background_size=\u00bbinitial\u00bb background_position=\u00bbtop_left\u00bb background_repeat=\u00bbrepeat\u00bb custom_padding=\u00bb|||\u00bb global_colors_info=\u00bb{}\u00bb][et_pb_column type=\u00bb4_4&#8243; _builder_version=\u00bb4.16&#8243; custom_padding=\u00bb|||\u00bb global_colors_info=\u00bb{}\u00bb custom_padding__hover=\u00bb|||\u00bb][et_pb_blog fullwidth=\u00bboff\u00bb posts_number=\u00bb3&#8243; show_categories=\u00bboff\u00bb show_pagination=\u00bboff\u00bb masonry_tile_background_color=\u00bb#ffffff\u00bb _builder_version=\u00bb4.27.5&#8243; header_font=\u00bbOswald|on||on|\u00bb header_text_color=\u00bb#1a1a1a\u00bb header_font_size=\u00bb24px\u00bb header_line_height=\u00bb1.3em\u00bb body_font=\u00bbRoboto||||\u00bb body_font_size=\u00bb16px\u00bb body_line_height=\u00bb1.9em\u00bb meta_font=\u00bbRoboto||||\u00bb meta_text_color=\u00bbrgba(0,0,0,0.3)\u00bb meta_font_size=\u00bb14px\u00bb animation_style=\u00bbfade\u00bb hover_enabled=\u00bb0&#8243; border_width_all=\u00bb0px\u00bb border_color_all=\u00bb#eaeaea\u00bb border_style_all=\u00bbsolid\u00bb border_width_all_fullwidth=\u00bb0px\u00bb border_color_all_fullwidth=\u00bb#eaeaea\u00bb border_style_all_fullwidth=\u00bbsolid\u00bb use_border_color=\u00bbon\u00bb border_color=\u00bb#eaeaea\u00bb border_width=\u00bb0px\u00bb global_colors_info=\u00bb{}\u00bb sticky_enabled=\u00bb0&#8243;][\/et_pb_blog][\/et_pb_column][\/et_pb_row][\/et_pb_section][et_pb_section fb_built=\u00bb1&#8243; admin_label=\u00bbPromo\u00bb _builder_version=\u00bb4.27.5&#8243; background_color=\u00bbrgba(0,0,0,0.5)\u00bb background_image=\u00bbhttps:\/\/noahtravel.com.mx\/wp-content\/uploads\/2025\/12\/3.png\u00bb background_blend=\u00bbcolor\u00bb custom_padding=\u00bb120px||120px|\u00bb hover_enabled=\u00bb0&#8243; da_disable_devices=\u00bboff|off|off\u00bb global_colors_info=\u00bb{}\u00bb title_text=\u00bb3&#8243; sticky_enabled=\u00bb0&#8243; da_is_popup=\u00bboff\u00bb da_exit_intent=\u00bboff\u00bb da_has_close=\u00bbon\u00bb da_alt_close=\u00bboff\u00bb da_dark_close=\u00bboff\u00bb da_not_modal=\u00bbon\u00bb da_is_singular=\u00bboff\u00bb da_with_loader=\u00bboff\u00bb da_has_shadow=\u00bbon\u00bb][et_pb_row _builder_version=\u00bb4.16&#8243; custom_margin=\u00bb|||\u00bb global_colors_info=\u00bb{}\u00bb][et_pb_column type=\u00bb4_4&#8243; _builder_version=\u00bb4.16&#8243; custom_padding=\u00bb|||\u00bb global_colors_info=\u00bb{}\u00bb custom_padding__hover=\u00bb|||\u00bb][et_pb_text admin_label=\u00bbCTA Section Subtitle\u00bb _builder_version=\u00bb4.27.5&#8243; text_font=\u00bbRoboto|on||on|\u00bb text_font_size=\u00bb24px\u00bb text_letter_spacing=\u00bb4px\u00bb background_layout=\u00bbdark\u00bb module_alignment=\u00bbcenter\u00bb animation_style=\u00bbzoom\u00bb animation_direction=\u00bbleft\u00bb animation_intensity_zoom=\u00bb20%\u00bb hover_enabled=\u00bb0&#8243; global_colors_info=\u00bb{}\u00bb custom_padding=\u00bb||0px|||\u00bb sticky_enabled=\u00bb0&#8243; custom_margin=\u00bb||11px|||\u00bb]<p>Nuestra\u00a0 Newsletter<\/p>[\/et_pb_text][et_pb_divider color=\u00bb#ffffff\u00bb divider_position=\u00bbcenter\u00bb divider_weight=\u00bb3px\u00bb disabled_on=\u00bbon|on|off%22&#8243; _builder_version=\u00bb4.16&#8243; max_width=\u00bb150px\u00bb module_alignment=\u00bbleft\u00bb height=\u00bbfalse\u00bb animation_style=\u00bbzoom\u00bb animation_direction=\u00bbleft\u00bb animation_delay=\u00bb200ms\u00bb animation_intensity_zoom=\u00bb20%\u00bb locked=\u00bboff\u00bb global_colors_info=\u00bb{}\u00bb][\/et_pb_divider][et_pb_signup mailchimp_list=\u00bbadd_new_account\u00bb name_field=\u00bbon\u00bb title=\u00bbent\u00e9rate de nuestras promociones\u00bb description=\u00bb<p>Las mejores y cverdaderas promociones est\u00e1n con nosotros. Suscr\u00edbete a nuestra Newsletter para enterarte de las promociones di\u00e1rias que tenemos.<\/p>\u00bb _builder_version=\u00bb4.27.5&#8243; header_font=\u00bb&#8211;et_global_heading_font|700||on|||||\u00bb header_font_size=\u00bb30px\u00bb body_font=\u00bbRoboto||||\u00bb body_font_size=\u00bb16px\u00bb body_line_height=\u00bb1.8em\u00bb use_background_color=\u00bboff\u00bb custom_button=\u00bbon\u00bb button_bg_color=\u00bb#ed4441&#8243; button_border_color=\u00bb#ed4441&#8243; button_border_radius=\u00bb0px\u00bb button_letter_spacing=\u00bb4px\u00bb button_font=\u00bbOswald|on||on|\u00bb button_icon=\u00bb&#x24;||divi||400&#8243; button_icon_color=\u00bb#ffffff\u00bb animation_style=\u00bbfold\u00bb animation_direction=\u00bbtop\u00bb animation_delay=\u00bb200ms\u00bb hover_enabled=\u00bb0&#8243; button_border_color_hover=\u00bb#ffffff\u00bb button_border_radius_hover=\u00bb0px\u00bb button_letter_spacing_hover=\u00bb4px\u00bb button_bg_color_hover=\u00bbrgba(0,0,0,0)\u00bb locked=\u00bboff\u00bb global_colors_info=\u00bb{}\u00bb button_text_size__hover_enabled=\u00bboff\u00bb button_one_text_size__hover_enabled=\u00bboff\u00bb button_two_text_size__hover_enabled=\u00bboff\u00bb button_text_color__hover_enabled=\u00bboff\u00bb button_one_text_color__hover_enabled=\u00bboff\u00bb button_two_text_color__hover_enabled=\u00bboff\u00bb button_border_width__hover_enabled=\u00bboff\u00bb button_one_border_width__hover_enabled=\u00bboff\u00bb button_two_border_width__hover_enabled=\u00bboff\u00bb button_border_color__hover_enabled=\u00bbon\u00bb button_border_color__hover=\u00bb#ffffff\u00bb button_one_border_color__hover_enabled=\u00bboff\u00bb button_two_border_color__hover_enabled=\u00bboff\u00bb button_border_radius__hover_enabled=\u00bbon\u00bb button_border_radius__hover=\u00bb0px\u00bb button_one_border_radius__hover_enabled=\u00bboff\u00bb button_two_border_radius__hover_enabled=\u00bboff\u00bb button_letter_spacing__hover_enabled=\u00bbon\u00bb button_letter_spacing__hover=\u00bb4px\u00bb button_one_letter_spacing__hover_enabled=\u00bboff\u00bb button_two_letter_spacing__hover_enabled=\u00bboff\u00bb button_bg_color__hover_enabled=\u00bbon\u00bb button_bg_color__hover=\u00bbrgba(0,0,0,0)\u00bb button_one_bg_color__hover_enabled=\u00bboff\u00bb button_two_bg_color__hover_enabled=\u00bboff\u00bb sticky_enabled=\u00bb0&#8243; header_level=\u00bbh3&#8243;] There are many variations of passages of Lorem Ipsum available, but the majority have suffered alteration in some form, by injected humour, or randomised words which don&#8217;t look even slightly believable. If you are going to use a passage of Lorem Ipsum. [\/et_pb_signup][\/et_pb_column][\/et_pb_row][\/et_pb_section]\n","protected":false},"excerpt":{"rendered":"<p>NUESTRO BlogNuestra\u00a0 Newsletter There are many variations of passages of Lorem Ipsum available, but the majority have suffered alteration in some form, by injected humour, or randomised words which don&#8217;t look even slightly believable. If you are going to use a passage of Lorem Ipsum.<\/p>\n","protected":false},"author":1,"featured_media":0,"parent":0,"menu_order":0,"comment_status":"closed","ping_status":"closed","template":"","meta":{"_et_pb_use_builder":"on","_et_pb_old_content":"","_et_gb_content_width":"","footnotes":""},"class_list":["post-403","page","type-page","status-publish","hentry"],"_hostinger_reach_plugin_has_subscription_block":false,"_hostinger_reach_plugin_is_elementor":false,"_links":{"self":[{"href":"https:\/\/noahtravel.com.mx\/index.php?rest_route=\/wp\/v2\/pages\/403","targetHints":{"allow":["GET"]}}],"collection":[{"href":"https:\/\/noahtravel.com.mx\/index.php?rest_route=\/wp\/v2\/pages"}],"about":[{"href":"https:\/\/noahtravel.com.mx\/index.php?rest_route=\/wp\/v2\/types\/page"}],"author":[{"embeddable":true,"href":"https:\/\/noahtravel.com.mx\/index.php?rest_route=\/wp\/v2\/users\/1"}],"replies":[{"embeddable":true,"href":"https:\/\/noahtravel.com.mx\/index.php?rest_route=%2Fwp%2Fv2%2Fcomments&post=403"}],"version-history":[{"count":7,"href":"https:\/\/noahtravel.com.mx\/index.php?rest_route=\/wp\/v2\/pages\/403\/revisions"}],"predecessor-version":[{"id":415,"href":"https:\/\/noahtravel.com.mx\/index.php?rest_route=\/wp\/v2\/pages\/403\/revisions\/415"}],"wp:attachment":[{"href":"https:\/\/noahtravel.com.mx\/index.php?rest_route=%2Fwp%2Fv2%2Fmedia&parent=403"}],"curies":[{"name":"wp","href":"https:\/\/api.w.org\/{rel}","templated":true}]}}